{"id":93,"date":"2021-02-09T15:18:22","date_gmt":"2021-02-09T14:18:22","guid":{"rendered":"http:\/\/lescompagnons.be\/?page_id=93"},"modified":"2025-08-26T15:12:11","modified_gmt":"2025-08-26T13:12:11","slug":"les-hikes","status":"publish","type":"page","link":"https:\/\/lescompagnons.be\/index.php\/les-hikes\/","title":{"rendered":"Les h\u00efkes"},"content":{"rendered":"\n<p>Les h\u00efkes sont un avant-go\u00fbt du camp pour permettre de quitter, le temps de trois jours et deux nuits, le cocon familial. C\u2019est donc une bonne exp\u00e9rience ainsi qu\u2019une bonne occasion pour partir \u00e0 l\u2019aventure entre section sur un th\u00e8me bien sp\u00e9cifique. Durant ces quelques jours, les enfants se rapprochent et vivent en groupe dans le but de mieux se connaitre. Le premier jour est consacr\u00e9 \u00e0 la marche et au barbecue traditionnel&nbsp; pour atteindre l\u2019endroit de h\u00efke. &nbsp;<\/p>\n\n\n\n<p>Voici les dates de h\u00efke pour les diff\u00e9rentes sections cette ann\u00e9e :<\/p>\n\n\n\n<ul><li><strong><em>Loustics :<\/em><\/strong>\u00a0<\/li><li><strong><em>Bout\u2019chous :<\/em><\/strong>\u00a0<\/li><li><strong><em>Cadets :<\/em><\/strong>\u00a0<\/li><li><em><strong>Juniors :<\/strong>\u00a0<\/em><\/li><\/ul>\n\n\n\n<p><\/p>\n\n\n\n<p><\/p>\n","protected":false},"excerpt":{"rendered":"<p>Les h\u00efkes sont un avant-go\u00fbt du camp pour permettre de quitter, le temps de trois jours et deux nuits, le cocon familial. C\u2019est donc une bonne exp\u00e9rience ainsi qu\u2019une bonne occasion pour partir \u00e0 l\u2019aventure entre section sur un th\u00e8me bien sp\u00e9cifique. Durant ces quelques jours, les enfants se rapprochent et vivent en groupe dans &hellip; <\/p>\n<p class=\"link-more\"><a href=\"https:\/\/lescompagnons.be\/index.php\/les-hikes\/\" class=\"more-link\">Continuer la lecture<span class=\"screen-reader-text\"> de &laquo;&nbsp;Les h\u00efkes&nbsp;&raquo;<\/span><\/a><\/p>\n","protected":false},"author":1,"featured_media":0,"parent":0,"menu_order":0,"comment_status":"closed","ping_status":"closed","template":"","meta":{"ngg_post_thumbnail":0},"_links":{"self":[{"href":"https:\/\/lescompagnons.be\/index.php\/wp-json\/wp\/v2\/pages\/93"}],"collection":[{"href":"https:\/\/lescompagnons.be\/index.php\/wp-json\/wp\/v2\/pages"}],"about":[{"href":"https:\/\/lescompagnons.be\/index.php\/wp-json\/wp\/v2\/types\/page"}],"author":[{"embeddable":true,"href":"https:\/\/lescompagnons.be\/index.php\/wp-json\/wp\/v2\/users\/1"}],"replies":[{"embeddable":true,"href":"https:\/\/lescompagnons.be\/index.php\/wp-json\/wp\/v2\/comments?post=93"}],"version-history":[{"count":12,"href":"https:\/\/lescompagnons.be\/index.php\/wp-json\/wp\/v2\/pages\/93\/revisions"}],"predecessor-version":[{"id":2236,"href":"https:\/\/lescompagnons.be\/index.php\/wp-json\/wp\/v2\/pages\/93\/revisions\/2236"}],"wp:attachment":[{"href":"https:\/\/lescompagnons.be\/index.php\/wp-json\/wp\/v2\/media?parent=93"}],"curies":[{"name":"wp","href":"https:\/\/api.w.org\/{rel}","templated":true}]}}