{"id":91,"date":"2021-02-09T15:17:58","date_gmt":"2021-02-09T14:17:58","guid":{"rendered":"http:\/\/lescompagnons.be\/?page_id=91"},"modified":"2025-02-04T15:07:23","modified_gmt":"2025-02-04T14:07:23","slug":"lintendance","status":"publish","type":"page","link":"https:\/\/lescompagnons.be\/index.php\/lintendance\/","title":{"rendered":"L&rsquo;intendance"},"content":{"rendered":"\n<figure class=\"wp-block-gallery columns-1 is-cropped\"><ul class=\"blocks-gallery-grid\"><li class=\"blocks-gallery-item\"><figure><img loading=\"lazy\" width=\"1024\" height=\"683\" src=\"https:\/\/lescompagnons.be\/wp-content\/uploads\/2025\/02\/DSC_0405-1024x683.jpg\" alt=\"\" data-id=\"2203\" data-full-url=\"https:\/\/lescompagnons.be\/wp-content\/uploads\/2025\/02\/DSC_0405-scaled.jpg\" data-link=\"https:\/\/lescompagnons.be\/index.php\/lintendance\/dsc_0405\/\" class=\"wp-image-2203\" srcset=\"https:\/\/lescompagnons.be\/wp-content\/uploads\/2025\/02\/DSC_0405-1024x683.jpg 1024w, https:\/\/lescompagnons.be\/wp-content\/uploads\/2025\/02\/DSC_0405-300x200.jpg 300w, https:\/\/lescompagnons.be\/wp-content\/uploads\/2025\/02\/DSC_0405-768x512.jpg 768w, https:\/\/lescompagnons.be\/wp-content\/uploads\/2025\/02\/DSC_0405-1536x1024.jpg 1536w, https:\/\/lescompagnons.be\/wp-content\/uploads\/2025\/02\/DSC_0405-2048x1365.jpg 2048w\" sizes=\"(max-width: 767px) 89vw, (max-width: 1000px) 54vw, (max-width: 1071px) 543px, 580px\" \/><\/figure><\/li><\/ul><figcaption class=\"blocks-gallery-caption\">Camp Fontenaille 2024<\/figcaption><\/figure>\n\n\n\n<p>Afin que les animateurs ne perdent pas les enfants de vue, nous sommes appel\u00e9s en renfort. Notre but est de leur concocter de bons petits plats pour rassasier autant les animateurs que les anim\u00e9s. Gr\u00e2ce \u00e0 nos plats \u00e9quilibr\u00e9s, ils retrouvent des forces et de l\u2019\u00e9nergie pour pouvoir continuer \u00e0 s\u2019amuser tout au long de la journ\u00e9e. Si vous d\u00e9sirez avoir un avant-go\u00fbt de nos recettes, rendez-vous au souper Compagnons qui se d\u00e9roule le deuxi\u00e8me week-end de novembre.&nbsp;<\/p>\n","protected":false},"excerpt":{"rendered":"<p>Afin que les animateurs ne perdent pas les enfants de vue, nous sommes appel\u00e9s en renfort. Notre but est de leur concocter de bons petits plats pour rassasier autant les animateurs que les anim\u00e9s. Gr\u00e2ce \u00e0 nos plats \u00e9quilibr\u00e9s, ils retrouvent des forces et de l\u2019\u00e9nergie pour pouvoir continuer \u00e0 s\u2019amuser tout au long de &hellip; <\/p>\n<p class=\"link-more\"><a href=\"https:\/\/lescompagnons.be\/index.php\/lintendance\/\" class=\"more-link\">Continuer la lecture<span class=\"screen-reader-text\"> de &laquo;&nbsp;L&rsquo;intendance&nbsp;&raquo;<\/span><\/a><\/p>\n","protected":false},"author":1,"featured_media":0,"parent":0,"menu_order":0,"comment_status":"closed","ping_status":"closed","template":"","meta":{"ngg_post_thumbnail":0},"_links":{"self":[{"href":"https:\/\/lescompagnons.be\/index.php\/wp-json\/wp\/v2\/pages\/91"}],"collection":[{"href":"https:\/\/lescompagnons.be\/index.php\/wp-json\/wp\/v2\/pages"}],"about":[{"href":"https:\/\/lescompagnons.be\/index.php\/wp-json\/wp\/v2\/types\/page"}],"author":[{"embeddable":true,"href":"https:\/\/lescompagnons.be\/index.php\/wp-json\/wp\/v2\/users\/1"}],"replies":[{"embeddable":true,"href":"https:\/\/lescompagnons.be\/index.php\/wp-json\/wp\/v2\/comments?post=91"}],"version-history":[{"count":6,"href":"https:\/\/lescompagnons.be\/index.php\/wp-json\/wp\/v2\/pages\/91\/revisions"}],"predecessor-version":[{"id":2204,"href":"https:\/\/lescompagnons.be\/index.php\/wp-json\/wp\/v2\/pages\/91\/revisions\/2204"}],"wp:attachment":[{"href":"https:\/\/lescompagnons.be\/index.php\/wp-json\/wp\/v2\/media?parent=91"}],"curies":[{"name":"wp","href":"https:\/\/api.w.org\/{rel}","templated":true}]}}