{"id":88,"date":"2021-02-09T15:16:28","date_gmt":"2021-02-09T14:16:28","guid":{"rendered":"http:\/\/lescompagnons.be\/?page_id=88"},"modified":"2023-03-03T14:51:04","modified_gmt":"2023-03-03T13:51:04","slug":"les-activites","status":"publish","type":"page","link":"https:\/\/lescompagnons.be\/index.php\/les-activites\/","title":{"rendered":"Les activit\u00e9s"},"content":{"rendered":"\n<p>Tout au long de l&rsquo;ann\u00e9e, nos petits Compagnons ont l&rsquo;occasion de participer \u00e0 plusieurs activit\u00e9s qui leur permettent de s&rsquo;\u00e9panouir. En plus des r\u00e9unions habituelles les samedis, des hikes et du camp, certaines activit\u00e9s sp\u00e9ciales sont organis\u00e9es en fonction des diff\u00e9rentes sections :<\/p>\n\n\n\n<ul><li>Piscine<\/li><li>Patinoire<\/li><li>Badaboum (plaine de jeux int\u00e9rieure)<\/li><li>Journ\u00e9e \u00e0 Chevetogne<\/li><li>Soir\u00e9e \u00e0 th\u00e8me au local<\/li><li>Sp\u00e9l\u00e9ologie<\/li><li>Op\u00e9ration Arc-en-ciel<\/li><li>Grand Nettoyage de Printemps<\/li><li>&#8230;<\/li><\/ul>\n\n\n\n<p><\/p>\n\n\n\n<p><\/p>\n","protected":false},"excerpt":{"rendered":"<p>Tout au long de l&rsquo;ann\u00e9e, nos petits Compagnons ont l&rsquo;occasion de participer \u00e0 plusieurs activit\u00e9s qui leur permettent de s&rsquo;\u00e9panouir. En plus des r\u00e9unions habituelles les samedis, des hikes et du camp, certaines activit\u00e9s sp\u00e9ciales sont organis\u00e9es en fonction des diff\u00e9rentes sections : Piscine Patinoire Badaboum (plaine de jeux int\u00e9rieure) Journ\u00e9e \u00e0 Chevetogne Soir\u00e9e \u00e0 &hellip; <\/p>\n<p class=\"link-more\"><a href=\"https:\/\/lescompagnons.be\/index.php\/les-activites\/\" class=\"more-link\">Continuer la lecture<span class=\"screen-reader-text\"> de &laquo;&nbsp;Les activit\u00e9s&nbsp;&raquo;<\/span><\/a><\/p>\n","protected":false},"author":1,"featured_media":0,"parent":0,"menu_order":0,"comment_status":"closed","ping_status":"closed","template":"","meta":{"ngg_post_thumbnail":0},"_links":{"self":[{"href":"https:\/\/lescompagnons.be\/index.php\/wp-json\/wp\/v2\/pages\/88"}],"collection":[{"href":"https:\/\/lescompagnons.be\/index.php\/wp-json\/wp\/v2\/pages"}],"about":[{"href":"https:\/\/lescompagnons.be\/index.php\/wp-json\/wp\/v2\/types\/page"}],"author":[{"embeddable":true,"href":"https:\/\/lescompagnons.be\/index.php\/wp-json\/wp\/v2\/users\/1"}],"replies":[{"embeddable":true,"href":"https:\/\/lescompagnons.be\/index.php\/wp-json\/wp\/v2\/comments?post=88"}],"version-history":[{"count":3,"href":"https:\/\/lescompagnons.be\/index.php\/wp-json\/wp\/v2\/pages\/88\/revisions"}],"predecessor-version":[{"id":276,"href":"https:\/\/lescompagnons.be\/index.php\/wp-json\/wp\/v2\/pages\/88\/revisions\/276"}],"wp:attachment":[{"href":"https:\/\/lescompagnons.be\/index.php\/wp-json\/wp\/v2\/media?parent=88"}],"curies":[{"name":"wp","href":"https:\/\/api.w.org\/{rel}","templated":true}]}}