{"id":79,"date":"2021-02-09T15:14:13","date_gmt":"2021-02-09T14:14:13","guid":{"rendered":"http:\/\/lescompagnons.be\/?page_id=79"},"modified":"2025-02-04T15:16:46","modified_gmt":"2025-02-04T14:16:46","slug":"le-staff","status":"publish","type":"page","link":"https:\/\/lescompagnons.be\/index.php\/le-staff\/","title":{"rendered":"Le staff"},"content":{"rendered":"\n<figure class=\"wp-block-gallery columns-1 is-cropped\"><ul class=\"blocks-gallery-grid\"><li class=\"blocks-gallery-item\"><figure><img loading=\"lazy\" width=\"1024\" height=\"768\" src=\"https:\/\/lescompagnons.be\/wp-content\/uploads\/2025\/02\/8926FDCB-1AFC-47A8-8719-BEAE94B033CD-1-1024x768.jpg\" alt=\"\" data-id=\"2217\" data-full-url=\"https:\/\/lescompagnons.be\/wp-content\/uploads\/2025\/02\/8926FDCB-1AFC-47A8-8719-BEAE94B033CD-1-scaled.jpg\" data-link=\"https:\/\/lescompagnons.be\/index.php\/le-staff\/8926fdcb-1afc-47a8-8719-beae94b033cd-1\/\" class=\"wp-image-2217\" srcset=\"https:\/\/lescompagnons.be\/wp-content\/uploads\/2025\/02\/8926FDCB-1AFC-47A8-8719-BEAE94B033CD-1-1024x768.jpg 1024w, https:\/\/lescompagnons.be\/wp-content\/uploads\/2025\/02\/8926FDCB-1AFC-47A8-8719-BEAE94B033CD-1-300x225.jpg 300w, https:\/\/lescompagnons.be\/wp-content\/uploads\/2025\/02\/8926FDCB-1AFC-47A8-8719-BEAE94B033CD-1-768x576.jpg 768w, https:\/\/lescompagnons.be\/wp-content\/uploads\/2025\/02\/8926FDCB-1AFC-47A8-8719-BEAE94B033CD-1-1536x1152.jpg 1536w, https:\/\/lescompagnons.be\/wp-content\/uploads\/2025\/02\/8926FDCB-1AFC-47A8-8719-BEAE94B033CD-1-2048x1536.jpg 2048w\" sizes=\"(max-width: 767px) 89vw, (max-width: 1000px) 54vw, (max-width: 1071px) 543px, 580px\" \/><\/figure><\/li><\/ul><figcaption class=\"blocks-gallery-caption\">Staff Fontenaille 2024<\/figcaption><\/figure>\n\n\n\n<p>Tous aussi motiv\u00e9s les uns que les autres, nous faisons vivre et d\u00e9couvrir \u00e0 vos enfants de folles aventures. Nous leur apprenons \u00e0 grandir et \u00e0 vivre en groupe. Nous venons chaque samedi avec notre bonne humeur et de nouvelles id\u00e9es pour nos activit\u00e9s.<\/p>\n\n\n\n<p><br>Durant l\u2019ann\u00e9e, ensemble, nous organisons des journ\u00e9es sp\u00e9ciales telles que une sortie \u00e0 la piscine \u2013 patinoire \u2013 plaine de jeux int\u00e9rieure &#8211; mini-golf \u2013 op\u00e9ration Arc-en-ciel et z\u00e9ro d\u00e9chet\u2026<br>Afin de repr\u00e9senter notre mouvement, nous sommes pr\u00e9sents \u00e0 diverses manifestations rochefortoises. Nous aurons peut-\u00eatre la chance de vous y rencontrer un jour.<\/p>\n\n\n\n<p><br>Pour un encadrement de qualit\u00e9, il nous est demand\u00e9 de suivre une formation d\u2019animateurs et ainsi d\u2019\u00eatre dipl\u00f4m\u00e9s. C\u2019est avec grand plaisir que nous vous retrouverons chaque samedi pour accueillir vos enfants&nbsp;!<\/p>\n","protected":false},"excerpt":{"rendered":"<p>Tous aussi motiv\u00e9s les uns que les autres, nous faisons vivre et d\u00e9couvrir \u00e0 vos enfants de folles aventures. Nous leur apprenons \u00e0 grandir et \u00e0 vivre en groupe. Nous venons chaque samedi avec notre bonne humeur et de nouvelles id\u00e9es pour nos activit\u00e9s. Durant l\u2019ann\u00e9e, ensemble, nous organisons des journ\u00e9es sp\u00e9ciales telles que une &hellip; <\/p>\n<p class=\"link-more\"><a href=\"https:\/\/lescompagnons.be\/index.php\/le-staff\/\" class=\"more-link\">Continuer la lecture<span class=\"screen-reader-text\"> de &laquo;&nbsp;Le staff&nbsp;&raquo;<\/span><\/a><\/p>\n","protected":false},"author":1,"featured_media":0,"parent":0,"menu_order":0,"comment_status":"closed","ping_status":"closed","template":"","meta":{"ngg_post_thumbnail":0},"_links":{"self":[{"href":"https:\/\/lescompagnons.be\/index.php\/wp-json\/wp\/v2\/pages\/79"}],"collection":[{"href":"https:\/\/lescompagnons.be\/index.php\/wp-json\/wp\/v2\/pages"}],"about":[{"href":"https:\/\/lescompagnons.be\/index.php\/wp-json\/wp\/v2\/types\/page"}],"author":[{"embeddable":true,"href":"https:\/\/lescompagnons.be\/index.php\/wp-json\/wp\/v2\/users\/1"}],"replies":[{"embeddable":true,"href":"https:\/\/lescompagnons.be\/index.php\/wp-json\/wp\/v2\/comments?post=79"}],"version-history":[{"count":11,"href":"https:\/\/lescompagnons.be\/index.php\/wp-json\/wp\/v2\/pages\/79\/revisions"}],"predecessor-version":[{"id":2219,"href":"https:\/\/lescompagnons.be\/index.php\/wp-json\/wp\/v2\/pages\/79\/revisions\/2219"}],"wp:attachment":[{"href":"https:\/\/lescompagnons.be\/index.php\/wp-json\/wp\/v2\/media?parent=79"}],"curies":[{"name":"wp","href":"https:\/\/api.w.org\/{rel}","templated":true}]}}