{"id":77,"date":"2021-02-09T15:13:35","date_gmt":"2021-02-09T14:13:35","guid":{"rendered":"http:\/\/lescompagnons.be\/?page_id=77"},"modified":"2025-09-15T16:27:14","modified_gmt":"2025-09-15T14:27:14","slug":"le-chef-de-mouvement","status":"publish","type":"page","link":"https:\/\/lescompagnons.be\/index.php\/le-chef-de-mouvement\/","title":{"rendered":"Le chef de mouvement"},"content":{"rendered":"\n<p>Qui suis-je?\u00a0<br>Estelle MAROT, n\u00e9e le 25\/03\/2002, \u00e9tudiante en logop\u00e9die.<br><\/p>\n\n\n\n<figure class=\"wp-block-image size-large\"><img loading=\"lazy\" width=\"768\" height=\"1024\" src=\"https:\/\/lescompagnons.be\/wp-content\/uploads\/2025\/09\/8a223f24-a26a-45a4-b379-e137fd874fad-768x1024.jpg\" alt=\"\" class=\"wp-image-2262\" srcset=\"https:\/\/lescompagnons.be\/wp-content\/uploads\/2025\/09\/8a223f24-a26a-45a4-b379-e137fd874fad-768x1024.jpg 768w, https:\/\/lescompagnons.be\/wp-content\/uploads\/2025\/09\/8a223f24-a26a-45a4-b379-e137fd874fad-225x300.jpg 225w, https:\/\/lescompagnons.be\/wp-content\/uploads\/2025\/09\/8a223f24-a26a-45a4-b379-e137fd874fad-1152x1536.jpg 1152w, https:\/\/lescompagnons.be\/wp-content\/uploads\/2025\/09\/8a223f24-a26a-45a4-b379-e137fd874fad.jpg 1536w\" sizes=\"(max-width: 767px) 89vw, (max-width: 1000px) 54vw, (max-width: 1071px) 543px, 580px\" \/><\/figure>\n\n\n\n<p>Mon parcours dans le mouvement :<br><br>Les Compagnons, pour moi, c\u2019est avant tout une histoire de famille. La plupart de mes proches sont pass\u00e9s par ce mouvement, certains y sont encore, et mon beau-p\u00e8re a m\u00eame \u00e9t\u00e9 chef lui aussi ! J\u2019ai donc commenc\u00e9 les Compagnons tr\u00e8s jeune, avant de devenir animatrice \u00e0 16 ans. S\u2019en sont suivies six belles ann\u00e9es d\u2019animation, dont deux en tant que chef de section. Aujourd\u2019hui, c\u2019est avec beaucoup de fiert\u00e9 que je reprends le flambeau de chef de mouvement, transmis par mon beau-p\u00e8re. Je suis certaine de m\u2019\u00e9panouir autant que durant toutes ces ann\u00e9es d\u2019animation et de continuer \u00e0 me cr\u00e9er de nombreux souvenirs. <\/p>\n\n\n\n<p>Il est \u00e9vident que chaque parent qui fait confiance \u00e0 notre mouvement en nous confiant ce qu&rsquo;il a de plus cher au monde, a droit \u00e0 l&rsquo;assurance que nous fassions tout ce qu&rsquo;il est possible pour participer \u00e0 son bien-\u00eatre et \u00e0 son \u00e9panouissement. C&rsquo;est avec un staff d&rsquo;animateurs motiv\u00e9s et en qui j&rsquo;ai confiance que je m&rsquo;efforce de satisfaire les enfants en proposant des activit\u00e9s p\u00e9dagogiques pr\u00e9par\u00e9es et innovantes.<br><\/p>\n\n\n\n<p>N&rsquo;h\u00e9sitez pas \u00e0 me contacter pour toute question, renseignement ou autre \ud83d\ude42 <br>0472\/43.20.07 &#8211; <a href=\"mailto:lescompagnonsderochefort@gmail.com\">lescompagnonsderochefort@gmail.com<\/a><\/p>\n\n\n\n<p><\/p>\n","protected":false},"excerpt":{"rendered":"<p>Qui suis-je?\u00a0Estelle MAROT, n\u00e9e le 25\/03\/2002, \u00e9tudiante en logop\u00e9die. Mon parcours dans le mouvement : Les Compagnons, pour moi, c\u2019est avant tout une histoire de famille. La plupart de mes proches sont pass\u00e9s par ce mouvement, certains y sont encore, et mon beau-p\u00e8re a m\u00eame \u00e9t\u00e9 chef lui aussi ! J\u2019ai donc commenc\u00e9 les Compagnons &hellip; <\/p>\n<p class=\"link-more\"><a href=\"https:\/\/lescompagnons.be\/index.php\/le-chef-de-mouvement\/\" class=\"more-link\">Continuer la lecture<span class=\"screen-reader-text\"> de &laquo;&nbsp;Le chef de mouvement&nbsp;&raquo;<\/span><\/a><\/p>\n","protected":false},"author":1,"featured_media":0,"parent":0,"menu_order":0,"comment_status":"closed","ping_status":"closed","template":"","meta":{"ngg_post_thumbnail":0},"_links":{"self":[{"href":"https:\/\/lescompagnons.be\/index.php\/wp-json\/wp\/v2\/pages\/77"}],"collection":[{"href":"https:\/\/lescompagnons.be\/index.php\/wp-json\/wp\/v2\/pages"}],"about":[{"href":"https:\/\/lescompagnons.be\/index.php\/wp-json\/wp\/v2\/types\/page"}],"author":[{"embeddable":true,"href":"https:\/\/lescompagnons.be\/index.php\/wp-json\/wp\/v2\/users\/1"}],"replies":[{"embeddable":true,"href":"https:\/\/lescompagnons.be\/index.php\/wp-json\/wp\/v2\/comments?post=77"}],"version-history":[{"count":11,"href":"https:\/\/lescompagnons.be\/index.php\/wp-json\/wp\/v2\/pages\/77\/revisions"}],"predecessor-version":[{"id":2264,"href":"https:\/\/lescompagnons.be\/index.php\/wp-json\/wp\/v2\/pages\/77\/revisions\/2264"}],"wp:attachment":[{"href":"https:\/\/lescompagnons.be\/index.php\/wp-json\/wp\/v2\/media?parent=77"}],"curies":[{"name":"wp","href":"https:\/\/api.w.org\/{rel}","templated":true}]}}