{"id":67,"date":"2021-02-09T15:08:13","date_gmt":"2021-02-09T14:08:13","guid":{"rendered":"http:\/\/lescompagnons.be\/?page_id=67"},"modified":"2025-09-11T14:32:27","modified_gmt":"2025-09-11T12:32:27","slug":"les-cadets","status":"publish","type":"page","link":"https:\/\/lescompagnons.be\/index.php\/les-cadets\/","title":{"rendered":"Les Cadets"},"content":{"rendered":"\n<figure class=\"wp-block-image size-large\"><img loading=\"lazy\" width=\"1024\" height=\"768\" src=\"https:\/\/lescompagnons.be\/wp-content\/uploads\/2025\/09\/545120151_122099836713007247_5619956782067992125_n-1024x768.jpg\" alt=\"\" class=\"wp-image-2253\" srcset=\"https:\/\/lescompagnons.be\/wp-content\/uploads\/2025\/09\/545120151_122099836713007247_5619956782067992125_n-1024x768.jpg 1024w, https:\/\/lescompagnons.be\/wp-content\/uploads\/2025\/09\/545120151_122099836713007247_5619956782067992125_n-300x225.jpg 300w, https:\/\/lescompagnons.be\/wp-content\/uploads\/2025\/09\/545120151_122099836713007247_5619956782067992125_n-768x576.jpg 768w, https:\/\/lescompagnons.be\/wp-content\/uploads\/2025\/09\/545120151_122099836713007247_5619956782067992125_n-1536x1152.jpg 1536w, https:\/\/lescompagnons.be\/wp-content\/uploads\/2025\/09\/545120151_122099836713007247_5619956782067992125_n.jpg 2048w\" sizes=\"(max-width: 767px) 89vw, (max-width: 1000px) 54vw, (max-width: 1071px) 543px, 580px\" \/><\/figure>\n\n\n\n<p><strong>Tranche d&rsquo;\u00e2ge :<\/strong> 9 &#8211; 12 ans<\/p>\n\n\n\n<p>Nous, les Cadets, nous participons \u00e0 des activit\u00e9s bas\u00e9es sur l\u2019amiti\u00e9, le respect et la tol\u00e9rance. Nous nous entraidons et nous sommes solidaires. Chacun \u00e0 sa place dans le groupe. Chaque ann\u00e9e, nous organisons des actions pour nous rendre autonomes afin de vivre des activit\u00e9s sp\u00e9ciales. Gr\u00e2ce aux responsabilit\u00e9s qu\u2019on nous donne,&nbsp; nous grandissons un peu plus chaque samedi.<br>Nous vous invitons \u00e0 venir vous amuser avec nous&nbsp;: plus on est de fous, plus on rit&nbsp;!<\/p>\n\n\n\n<p><strong>Chef de section : <\/strong>Valentine MATAGNE &#8211; 0470 49 32 67<\/p>\n\n\n\n<p><strong>Les animateurs : <\/strong>Alexis DELMAIL &#8211; Zo\u00e9 POPULAIRE &#8211; Simon SCARCEZ &#8211; Matt VANDERSNICKT<\/p>\n\n\n\n<p><\/p>\n","protected":false},"excerpt":{"rendered":"<p>Tranche d&rsquo;\u00e2ge : 9 &#8211; 12 ans Nous, les Cadets, nous participons \u00e0 des activit\u00e9s bas\u00e9es sur l\u2019amiti\u00e9, le respect et la tol\u00e9rance. Nous nous entraidons et nous sommes solidaires. Chacun \u00e0 sa place dans le groupe. Chaque ann\u00e9e, nous organisons des actions pour nous rendre autonomes afin de vivre des activit\u00e9s sp\u00e9ciales. Gr\u00e2ce aux &hellip; <\/p>\n<p class=\"link-more\"><a href=\"https:\/\/lescompagnons.be\/index.php\/les-cadets\/\" class=\"more-link\">Continuer la lecture<span class=\"screen-reader-text\"> de &laquo;&nbsp;Les Cadets&nbsp;&raquo;<\/span><\/a><\/p>\n","protected":false},"author":1,"featured_media":0,"parent":0,"menu_order":0,"comment_status":"closed","ping_status":"closed","template":"","meta":{"ngg_post_thumbnail":0},"_links":{"self":[{"href":"https:\/\/lescompagnons.be\/index.php\/wp-json\/wp\/v2\/pages\/67"}],"collection":[{"href":"https:\/\/lescompagnons.be\/index.php\/wp-json\/wp\/v2\/pages"}],"about":[{"href":"https:\/\/lescompagnons.be\/index.php\/wp-json\/wp\/v2\/types\/page"}],"author":[{"embeddable":true,"href":"https:\/\/lescompagnons.be\/index.php\/wp-json\/wp\/v2\/users\/1"}],"replies":[{"embeddable":true,"href":"https:\/\/lescompagnons.be\/index.php\/wp-json\/wp\/v2\/comments?post=67"}],"version-history":[{"count":23,"href":"https:\/\/lescompagnons.be\/index.php\/wp-json\/wp\/v2\/pages\/67\/revisions"}],"predecessor-version":[{"id":2260,"href":"https:\/\/lescompagnons.be\/index.php\/wp-json\/wp\/v2\/pages\/67\/revisions\/2260"}],"wp:attachment":[{"href":"https:\/\/lescompagnons.be\/index.php\/wp-json\/wp\/v2\/media?parent=67"}],"curies":[{"name":"wp","href":"https:\/\/api.w.org\/{rel}","templated":true}]}}