{"id":63,"date":"2021-02-09T15:06:18","date_gmt":"2021-02-09T14:06:18","guid":{"rendered":"http:\/\/lescompagnons.be\/?page_id=63"},"modified":"2025-09-11T14:32:09","modified_gmt":"2025-09-11T12:32:09","slug":"les-boutchous","status":"publish","type":"page","link":"https:\/\/lescompagnons.be\/index.php\/les-boutchous\/","title":{"rendered":"Les Boutchous"},"content":{"rendered":"\n<figure class=\"wp-block-image size-large\"><img loading=\"lazy\" width=\"1024\" height=\"576\" src=\"https:\/\/lescompagnons.be\/wp-content\/uploads\/2025\/09\/544792351_122099836743007247_3488734647647608076_n-1024x576.jpg\" alt=\"\" class=\"wp-image-2250\" srcset=\"https:\/\/lescompagnons.be\/wp-content\/uploads\/2025\/09\/544792351_122099836743007247_3488734647647608076_n-1024x576.jpg 1024w, https:\/\/lescompagnons.be\/wp-content\/uploads\/2025\/09\/544792351_122099836743007247_3488734647647608076_n-300x169.jpg 300w, https:\/\/lescompagnons.be\/wp-content\/uploads\/2025\/09\/544792351_122099836743007247_3488734647647608076_n-768x432.jpg 768w, https:\/\/lescompagnons.be\/wp-content\/uploads\/2025\/09\/544792351_122099836743007247_3488734647647608076_n-1536x864.jpg 1536w, https:\/\/lescompagnons.be\/wp-content\/uploads\/2025\/09\/544792351_122099836743007247_3488734647647608076_n.jpg 2048w\" sizes=\"(max-width: 767px) 89vw, (max-width: 1000px) 54vw, (max-width: 1071px) 543px, 580px\" \/><\/figure>\n\n\n\n<p><strong>Tranche d&rsquo;\u00e2ge :<\/strong> 7 &#8211; 9 ans<\/p>\n\n\n\n<p>Bonjour, nous sommes les Boutchous. Aux Compagnons, nous vivons des tas d\u2019aventures avec des th\u00e8mes vari\u00e9s, des jeux de comp\u00e9tition \u2013 de coop\u00e9ration \u2013 de d\u00e9couvertes\u2026 Nos animateurs nous font d\u00e9couvrir diff\u00e9rents coins de la ville de Rochefort dans laquelle nous passons de merveilleux moments entre amis.<br>Le samedi \u00e0 17h, nous revenons chez nous avec des tonnes d\u2019histoires \u00e0 raconter \u00e0 nos parents. Vivement le camp&nbsp;!<\/p>\n\n\n\n<p><\/p>\n\n\n\n<p><strong>Chef de section : <\/strong>Aline LECOMTE &#8211; 0497 18 55 28<\/p>\n\n\n\n<p><strong>Les animateurs :<\/strong> Mait\u00e9 DELESCLUZE &#8211; No\u00e9 DELESCLUZE &#8211; Lucie GOBLET &#8211; Yasmine REZETTE <\/p>\n\n\n\n<p><br><\/p>\n","protected":false},"excerpt":{"rendered":"<p>Tranche d&rsquo;\u00e2ge : 7 &#8211; 9 ans Bonjour, nous sommes les Boutchous. Aux Compagnons, nous vivons des tas d\u2019aventures avec des th\u00e8mes vari\u00e9s, des jeux de comp\u00e9tition \u2013 de coop\u00e9ration \u2013 de d\u00e9couvertes\u2026 Nos animateurs nous font d\u00e9couvrir diff\u00e9rents coins de la ville de Rochefort dans laquelle nous passons de merveilleux moments entre amis.Le samedi &hellip; <\/p>\n<p class=\"link-more\"><a href=\"https:\/\/lescompagnons.be\/index.php\/les-boutchous\/\" class=\"more-link\">Continuer la lecture<span class=\"screen-reader-text\"> de &laquo;&nbsp;Les Boutchous&nbsp;&raquo;<\/span><\/a><\/p>\n","protected":false},"author":1,"featured_media":0,"parent":0,"menu_order":0,"comment_status":"closed","ping_status":"closed","template":"","meta":{"ngg_post_thumbnail":0},"_links":{"self":[{"href":"https:\/\/lescompagnons.be\/index.php\/wp-json\/wp\/v2\/pages\/63"}],"collection":[{"href":"https:\/\/lescompagnons.be\/index.php\/wp-json\/wp\/v2\/pages"}],"about":[{"href":"https:\/\/lescompagnons.be\/index.php\/wp-json\/wp\/v2\/types\/page"}],"author":[{"embeddable":true,"href":"https:\/\/lescompagnons.be\/index.php\/wp-json\/wp\/v2\/users\/1"}],"replies":[{"embeddable":true,"href":"https:\/\/lescompagnons.be\/index.php\/wp-json\/wp\/v2\/comments?post=63"}],"version-history":[{"count":16,"href":"https:\/\/lescompagnons.be\/index.php\/wp-json\/wp\/v2\/pages\/63\/revisions"}],"predecessor-version":[{"id":2259,"href":"https:\/\/lescompagnons.be\/index.php\/wp-json\/wp\/v2\/pages\/63\/revisions\/2259"}],"wp:attachment":[{"href":"https:\/\/lescompagnons.be\/index.php\/wp-json\/wp\/v2\/media?parent=63"}],"curies":[{"name":"wp","href":"https:\/\/api.w.org\/{rel}","templated":true}]}}