{"id":55,"date":"2021-02-09T14:53:54","date_gmt":"2021-02-09T13:53:54","guid":{"rendered":"http:\/\/lescompagnons.be\/?page_id=55"},"modified":"2025-09-11T14:30:30","modified_gmt":"2025-09-11T12:30:30","slug":"les-loustics","status":"publish","type":"page","link":"https:\/\/lescompagnons.be\/index.php\/les-loustics\/","title":{"rendered":"Les Loustics"},"content":{"rendered":"\n<figure class=\"wp-block-image size-large\"><img loading=\"lazy\" width=\"1024\" height=\"768\" src=\"https:\/\/lescompagnons.be\/wp-content\/uploads\/2025\/09\/544831487_122099836647007247_2751337458785059332_n-1024x768.jpg\" alt=\"\" class=\"wp-image-2246\" srcset=\"https:\/\/lescompagnons.be\/wp-content\/uploads\/2025\/09\/544831487_122099836647007247_2751337458785059332_n-1024x768.jpg 1024w, https:\/\/lescompagnons.be\/wp-content\/uploads\/2025\/09\/544831487_122099836647007247_2751337458785059332_n-300x225.jpg 300w, https:\/\/lescompagnons.be\/wp-content\/uploads\/2025\/09\/544831487_122099836647007247_2751337458785059332_n-768x576.jpg 768w, https:\/\/lescompagnons.be\/wp-content\/uploads\/2025\/09\/544831487_122099836647007247_2751337458785059332_n.jpg 1170w\" sizes=\"(max-width: 767px) 89vw, (max-width: 1000px) 54vw, (max-width: 1071px) 543px, 580px\" \/><\/figure>\n\n\n\n<p><strong>Tranche d&rsquo;\u00e2ge :<\/strong> 5 &#8211; 7 ans<\/p>\n\n\n\n<p>Croire que la section des Loustics est une section de petits maladroits et de pantouflards est une erreur grave ! Nous sommes tr\u00e8s motiv\u00e9s \u00e0 vous montrer de quoi nous sommes capables. Les jeux dans les bois et les cabanes n\u2019ont plus aucun secret pour nous malgr\u00e9 que nous apprenons toujours \u00e0 faire nos lacets. Nos animateurs nous aident \u00e0 avoir confiance en nous, \u00e0 nous \u00e9veiller et ils nous permettent d\u2019atteindre nos objectifs. Suite \u00e0 une apr\u00e8s-midi bien mouvement\u00e9e, et la t\u00eate remplie de souvenirs, nous n\u2019avons qu\u2019une h\u00e2te&nbsp;: \u00eatre samedi prochain pour de nouvelles activit\u00e9s&nbsp;!<\/p>\n\n\n\n<p><strong>Chef de section : <\/strong>Jillian REZETTE &#8211; 0477 42 97 27<\/p>\n\n\n\n<p><strong>Les animateurs :<\/strong> Romane DEMILY &#8211; Clarisse MALET &#8211; Victoria MOLEHANT &#8211; Louis STREIGNARD<\/p>\n\n\n\n<p><\/p>\n","protected":false},"excerpt":{"rendered":"<p>Tranche d&rsquo;\u00e2ge : 5 &#8211; 7 ans Croire que la section des Loustics est une section de petits maladroits et de pantouflards est une erreur grave ! Nous sommes tr\u00e8s motiv\u00e9s \u00e0 vous montrer de quoi nous sommes capables. Les jeux dans les bois et les cabanes n\u2019ont plus aucun secret pour nous malgr\u00e9 que &hellip; <\/p>\n<p class=\"link-more\"><a href=\"https:\/\/lescompagnons.be\/index.php\/les-loustics\/\" class=\"more-link\">Continuer la lecture<span class=\"screen-reader-text\"> de &laquo;&nbsp;Les Loustics&nbsp;&raquo;<\/span><\/a><\/p>\n","protected":false},"author":1,"featured_media":0,"parent":0,"menu_order":0,"comment_status":"closed","ping_status":"closed","template":"","meta":{"ngg_post_thumbnail":0},"_links":{"self":[{"href":"https:\/\/lescompagnons.be\/index.php\/wp-json\/wp\/v2\/pages\/55"}],"collection":[{"href":"https:\/\/lescompagnons.be\/index.php\/wp-json\/wp\/v2\/pages"}],"about":[{"href":"https:\/\/lescompagnons.be\/index.php\/wp-json\/wp\/v2\/types\/page"}],"author":[{"embeddable":true,"href":"https:\/\/lescompagnons.be\/index.php\/wp-json\/wp\/v2\/users\/1"}],"replies":[{"embeddable":true,"href":"https:\/\/lescompagnons.be\/index.php\/wp-json\/wp\/v2\/comments?post=55"}],"version-history":[{"count":19,"href":"https:\/\/lescompagnons.be\/index.php\/wp-json\/wp\/v2\/pages\/55\/revisions"}],"predecessor-version":[{"id":2258,"href":"https:\/\/lescompagnons.be\/index.php\/wp-json\/wp\/v2\/pages\/55\/revisions\/2258"}],"wp:attachment":[{"href":"https:\/\/lescompagnons.be\/index.php\/wp-json\/wp\/v2\/media?parent=55"}],"curies":[{"name":"wp","href":"https:\/\/api.w.org\/{rel}","templated":true}]}}